{"id":222,"date":"2025-01-27T23:12:09","date_gmt":"2025-01-27T23:12:09","guid":{"rendered":"https:\/\/vlblaha.cz\/?page_id=222"},"modified":"2025-02-05T18:46:28","modified_gmt":"2025-02-05T18:46:28","slug":"galerie","status":"publish","type":"page","link":"http:\/\/vlblaha.cz\/en\/galerie\/","title":{"rendered":"Gallery"},"content":{"rendered":"<div data-elementor-type=\"wp-page\" data-elementor-id=\"222\" class=\"elementor elementor-222\" data-elementor-post-type=\"page\">\n\t\t\t\t\t\t<section class=\"elementor-section elementor-top-section elementor-element elementor-element-2c0e2d69 elementor-reverse-mobile elementor-section-boxed elementor-section-height-default elementor-section-height-default\" data-id=\"2c0e2d69\" data-element_type=\"section\" data-e-type=\"section\" data-settings=\"{&quot;background_background&quot;:&quot;gradient&quot;}\">\n\t\t\t\t\t\t\t<div class=\"elementor-background-overlay\"><\/div>\n\t\t\t\t\t\t\t<div class=\"elementor-container elementor-column-gap-default\">\n\t\t\t\t\t<div class=\"elementor-column elementor-col-100 elementor-top-column elementor-element elementor-element-7339caa\" data-id=\"7339caa\" data-element_type=\"column\" data-e-type=\"column\">\n\t\t\t<div class=\"elementor-widget-wrap elementor-element-populated\">\n\t\t\t\t\t\t<div class=\"elementor-element elementor-element-1774cb5e animated-slow elementor-invisible elementor-widget elementor-widget-heading\" data-id=\"1774cb5e\" data-element_type=\"widget\" data-e-type=\"widget\" data-settings=\"{&quot;_animation&quot;:&quot;fadeIn&quot;}\" data-widget_type=\"heading.default\">\n\t\t\t\t<div class=\"elementor-widget-container\">\n\t\t\t\t\t<h1 class=\"elementor-heading-title elementor-size-default\">Gallery<\/h1>\t\t\t\t<\/div>\n\t\t\t\t<\/div>\n\t\t\t\t<div class=\"elementor-element elementor-element-48cc4f6 elementor-widget elementor-widget-gallery\" data-id=\"48cc4f6\" data-element_type=\"widget\" data-e-type=\"widget\" data-settings=\"{&quot;gallery_layout&quot;:&quot;justified&quot;,&quot;lazyload&quot;:&quot;yes&quot;,&quot;ideal_row_height&quot;:{&quot;unit&quot;:&quot;px&quot;,&quot;size&quot;:200,&quot;sizes&quot;:[]},&quot;ideal_row_height_tablet&quot;:{&quot;unit&quot;:&quot;px&quot;,&quot;size&quot;:150,&quot;sizes&quot;:[]},&quot;ideal_row_height_mobile&quot;:{&quot;unit&quot;:&quot;px&quot;,&quot;size&quot;:150,&quot;sizes&quot;:[]},&quot;gap&quot;:{&quot;unit&quot;:&quot;px&quot;,&quot;size&quot;:10,&quot;sizes&quot;:[]},&quot;gap_tablet&quot;:{&quot;unit&quot;:&quot;px&quot;,&quot;size&quot;:10,&quot;sizes&quot;:[]},&quot;gap_mobile&quot;:{&quot;unit&quot;:&quot;px&quot;,&quot;size&quot;:10,&quot;sizes&quot;:[]},&quot;link_to&quot;:&quot;file&quot;,&quot;overlay_background&quot;:&quot;yes&quot;,&quot;content_hover_animation&quot;:&quot;fade-in&quot;}\" data-widget_type=\"gallery.default\">\n\t\t\t\t<div class=\"elementor-widget-container\">\n\t\t\t\t\t\t\t<div class=\"elementor-gallery__container\">\n\t\t\t\t\t\t\t<a class=\"e-gallery-item elementor-gallery-item elementor-animated-content\" href=\"http:\/\/vlblaha.cz\/wp-content\/uploads\/2025\/01\/Blaha-Drobysh-duo-1.jpg\" data-elementor-open-lightbox=\"yes\" data-elementor-lightbox-slideshow=\"48cc4f6\" data-elementor-lightbox-title=\"Blaha - Drobysh duo\" data-e-action-hash=\"#elementor-action%3Aaction%3Dlightbox%26settings%3DeyJpZCI6MjU3LCJ1cmwiOiJodHRwOlwvXC92bGJsYWhhLmN6XC93cC1jb250ZW50XC91cGxvYWRzXC8yMDI1XC8wMVwvQmxhaGEtRHJvYnlzaC1kdW8tMS5qcGciLCJzbGlkZXNob3ciOiI0OGNjNGY2In0%3D\">\n\t\t\t\t\t<div class=\"e-gallery-image elementor-gallery-item__image\" data-thumbnail=\"http:\/\/vlblaha.cz\/wp-content\/uploads\/2025\/01\/Blaha-Drobysh-duo-1-768x627.jpg\" data-width=\"768\" data-height=\"627\" aria-label=\"\" role=\"img\" ><\/div>\n\t\t\t\t\t\t\t\t\t\t\t<div class=\"elementor-gallery-item__overlay\"><\/div>\n\t\t\t\t\t\t\t\t\t\t\t\t\t\t<\/a>\n\t\t\t\t\t\t\t<a class=\"e-gallery-item elementor-gallery-item elementor-animated-content\" href=\"http:\/\/vlblaha.cz\/wp-content\/uploads\/2025\/01\/Blaha-Drobysh-6.jpg\" data-elementor-open-lightbox=\"yes\" data-elementor-lightbox-slideshow=\"48cc4f6\" data-elementor-lightbox-title=\"Bl\u00e1ha - Drobysh 6\" data-e-action-hash=\"#elementor-action%3Aaction%3Dlightbox%26settings%3DeyJpZCI6MjU4LCJ1cmwiOiJodHRwOlwvXC92bGJsYWhhLmN6XC93cC1jb250ZW50XC91cGxvYWRzXC8yMDI1XC8wMVwvQmxhaGEtRHJvYnlzaC02LmpwZyIsInNsaWRlc2hvdyI6IjQ4Y2M0ZjYifQ%3D%3D\">\n\t\t\t\t\t<div class=\"e-gallery-image elementor-gallery-item__image\" data-thumbnail=\"http:\/\/vlblaha.cz\/wp-content\/uploads\/2025\/01\/Blaha-Drobysh-6.jpg\" data-width=\"749\" data-height=\"772\" aria-label=\"\" role=\"img\" ><\/div>\n\t\t\t\t\t\t\t\t\t\t\t<div class=\"elementor-gallery-item__overlay\"><\/div>\n\t\t\t\t\t\t\t\t\t\t\t\t\t\t<\/a>\n\t\t\t\t\t\t\t<a class=\"e-gallery-item elementor-gallery-item elementor-animated-content\" href=\"http:\/\/vlblaha.cz\/wp-content\/uploads\/2025\/01\/Blaha-SAVAREZ.jpg\" data-elementor-open-lightbox=\"yes\" data-elementor-lightbox-slideshow=\"48cc4f6\" data-elementor-lightbox-title=\"Blaha SAVAREZ\" data-e-action-hash=\"#elementor-action%3Aaction%3Dlightbox%26settings%3DeyJpZCI6MjU5LCJ1cmwiOiJodHRwOlwvXC92bGJsYWhhLmN6XC93cC1jb250ZW50XC91cGxvYWRzXC8yMDI1XC8wMVwvQmxhaGEtU0FWQVJFWi5qcGciLCJzbGlkZXNob3ciOiI0OGNjNGY2In0%3D\">\n\t\t\t\t\t<div class=\"e-gallery-image elementor-gallery-item__image\" data-thumbnail=\"http:\/\/vlblaha.cz\/wp-content\/uploads\/2025\/01\/Blaha-SAVAREZ-768x1077.jpg\" data-width=\"768\" data-height=\"1077\" aria-label=\"\" role=\"img\" ><\/div>\n\t\t\t\t\t\t\t\t\t\t\t<div class=\"elementor-gallery-item__overlay\"><\/div>\n\t\t\t\t\t\t\t\t\t\t\t\t\t\t<\/a>\n\t\t\t\t\t\t\t<a class=\"e-gallery-item elementor-gallery-item elementor-animated-content\" href=\"http:\/\/vlblaha.cz\/wp-content\/uploads\/2025\/01\/Blaha-Drobysh-3.jpg\" data-elementor-open-lightbox=\"yes\" data-elementor-lightbox-slideshow=\"48cc4f6\" data-elementor-lightbox-title=\"Blaha-Drobysh 3\" data-e-action-hash=\"#elementor-action%3Aaction%3Dlightbox%26settings%3DeyJpZCI6MjYwLCJ1cmwiOiJodHRwOlwvXC92bGJsYWhhLmN6XC93cC1jb250ZW50XC91cGxvYWRzXC8yMDI1XC8wMVwvQmxhaGEtRHJvYnlzaC0zLmpwZyIsInNsaWRlc2hvdyI6IjQ4Y2M0ZjYifQ%3D%3D\">\n\t\t\t\t\t<div class=\"e-gallery-image elementor-gallery-item__image\" data-thumbnail=\"http:\/\/vlblaha.cz\/wp-content\/uploads\/2025\/01\/Blaha-Drobysh-3-768x822.jpg\" data-width=\"768\" data-height=\"822\" aria-label=\"\" role=\"img\" ><\/div>\n\t\t\t\t\t\t\t\t\t\t\t<div class=\"elementor-gallery-item__overlay\"><\/div>\n\t\t\t\t\t\t\t\t\t\t\t\t\t\t<\/a>\n\t\t\t\t\t\t\t<a class=\"e-gallery-item elementor-gallery-item elementor-animated-content\" href=\"http:\/\/vlblaha.cz\/wp-content\/uploads\/2025\/01\/Duo-Blaha-Drobysh_1-scaled.jpg\" data-elementor-open-lightbox=\"yes\" data-elementor-lightbox-slideshow=\"48cc4f6\" data-elementor-lightbox-title=\"Duo Blaha-Drobysh_1\" data-e-action-hash=\"#elementor-action%3Aaction%3Dlightbox%26settings%3DeyJpZCI6MjYyLCJ1cmwiOiJodHRwOlwvXC92bGJsYWhhLmN6XC93cC1jb250ZW50XC91cGxvYWRzXC8yMDI1XC8wMVwvRHVvLUJsYWhhLURyb2J5c2hfMS1zY2FsZWQuanBnIiwic2xpZGVzaG93IjoiNDhjYzRmNiJ9\">\n\t\t\t\t\t<div class=\"e-gallery-image elementor-gallery-item__image\" data-thumbnail=\"http:\/\/vlblaha.cz\/wp-content\/uploads\/2025\/01\/Duo-Blaha-Drobysh_1-768x589.jpg\" data-width=\"768\" data-height=\"589\" aria-label=\"\" role=\"img\" ><\/div>\n\t\t\t\t\t\t\t\t\t\t\t<div class=\"elementor-gallery-item__overlay\"><\/div>\n\t\t\t\t\t\t\t\t\t\t\t\t\t\t<\/a>\n\t\t\t\t\t\t\t<a class=\"e-gallery-item elementor-gallery-item elementor-animated-content\" href=\"http:\/\/vlblaha.cz\/wp-content\/uploads\/2025\/01\/Duo-Brillante-cordi-Vladislav-Blaha-Tania-Drobysh.jpg\" data-elementor-open-lightbox=\"yes\" data-elementor-lightbox-slideshow=\"48cc4f6\" data-elementor-lightbox-title=\"dav\" data-e-action-hash=\"#elementor-action%3Aaction%3Dlightbox%26settings%3DeyJpZCI6MjYzLCJ1cmwiOiJodHRwOlwvXC92bGJsYWhhLmN6XC93cC1jb250ZW50XC91cGxvYWRzXC8yMDI1XC8wMVwvRHVvLUJyaWxsYW50ZS1jb3JkaS1WbGFkaXNsYXYtQmxhaGEtVGFuaWEtRHJvYnlzaC5qcGciLCJzbGlkZXNob3ciOiI0OGNjNGY2In0%3D\">\n\t\t\t\t\t<div class=\"e-gallery-image elementor-gallery-item__image\" data-thumbnail=\"http:\/\/vlblaha.cz\/wp-content\/uploads\/2025\/01\/Duo-Brillante-cordi-Vladislav-Blaha-Tania-Drobysh-768x1161.jpg\" data-width=\"768\" data-height=\"1161\" aria-label=\"\" role=\"img\" ><\/div>\n\t\t\t\t\t\t\t\t\t\t\t<div class=\"elementor-gallery-item__overlay\"><\/div>\n\t\t\t\t\t\t\t\t\t\t\t\t\t\t<\/a>\n\t\t\t\t\t\t\t<a class=\"e-gallery-item elementor-gallery-item elementor-animated-content\" href=\"http:\/\/vlblaha.cz\/wp-content\/uploads\/2025\/01\/prof.BLAHA_.BAR__aa2015-09-04-7799-1-scaled.jpg\" data-elementor-open-lightbox=\"yes\" data-elementor-lightbox-slideshow=\"48cc4f6\" data-elementor-lightbox-title=\"DOC.BLAHA\" data-e-action-hash=\"#elementor-action%3Aaction%3Dlightbox%26settings%3DeyJpZCI6MjY0LCJ1cmwiOiJodHRwOlwvXC92bGJsYWhhLmN6XC93cC1jb250ZW50XC91cGxvYWRzXC8yMDI1XC8wMVwvcHJvZi5CTEFIQV8uQkFSX19hYTIwMTUtMDktMDQtNzc5OS0xLXNjYWxlZC5qcGciLCJzbGlkZXNob3ciOiI0OGNjNGY2In0%3D\">\n\t\t\t\t\t<div class=\"e-gallery-image elementor-gallery-item__image\" data-thumbnail=\"http:\/\/vlblaha.cz\/wp-content\/uploads\/2025\/01\/prof.BLAHA_.BAR__aa2015-09-04-7799-1-768x1153.jpg\" data-width=\"768\" data-height=\"1153\" aria-label=\"\" role=\"img\" ><\/div>\n\t\t\t\t\t\t\t\t\t\t\t<div class=\"elementor-gallery-item__overlay\"><\/div>\n\t\t\t\t\t\t\t\t\t\t\t\t\t\t<\/a>\n\t\t\t\t\t\t\t<a class=\"e-gallery-item elementor-gallery-item elementor-animated-content\" href=\"http:\/\/vlblaha.cz\/wp-content\/uploads\/2025\/01\/Tania-Drobysh.jpg\" data-elementor-open-lightbox=\"yes\" data-elementor-lightbox-slideshow=\"48cc4f6\" data-elementor-lightbox-title=\"Tania Drobysh\" data-e-action-hash=\"#elementor-action%3Aaction%3Dlightbox%26settings%3DeyJpZCI6MjY1LCJ1cmwiOiJodHRwOlwvXC92bGJsYWhhLmN6XC93cC1jb250ZW50XC91cGxvYWRzXC8yMDI1XC8wMVwvVGFuaWEtRHJvYnlzaC5qcGciLCJzbGlkZXNob3ciOiI0OGNjNGY2In0%3D\">\n\t\t\t\t\t<div class=\"e-gallery-image elementor-gallery-item__image\" data-thumbnail=\"http:\/\/vlblaha.cz\/wp-content\/uploads\/2025\/01\/Tania-Drobysh-768x849.jpg\" data-width=\"768\" data-height=\"849\" aria-label=\"\" role=\"img\" ><\/div>\n\t\t\t\t\t\t\t\t\t\t\t<div class=\"elementor-gallery-item__overlay\"><\/div>\n\t\t\t\t\t\t\t\t\t\t\t\t\t\t<\/a>\n\t\t\t\t\t\t\t<a class=\"e-gallery-item elementor-gallery-item elementor-animated-content\" href=\"http:\/\/vlblaha.cz\/wp-content\/uploads\/2025\/01\/Vladislav-Blaha-.jpg\" data-elementor-open-lightbox=\"yes\" data-elementor-lightbox-slideshow=\"48cc4f6\" data-elementor-lightbox-title=\"Vladislav Bl\u00e1ha\" data-e-action-hash=\"#elementor-action%3Aaction%3Dlightbox%26settings%3DeyJpZCI6MjY2LCJ1cmwiOiJodHRwOlwvXC92bGJsYWhhLmN6XC93cC1jb250ZW50XC91cGxvYWRzXC8yMDI1XC8wMVwvVmxhZGlzbGF2LUJsYWhhLS5qcGciLCJzbGlkZXNob3ciOiI0OGNjNGY2In0%3D\">\n\t\t\t\t\t<div class=\"e-gallery-image elementor-gallery-item__image\" data-thumbnail=\"http:\/\/vlblaha.cz\/wp-content\/uploads\/2025\/01\/Vladislav-Blaha--768x556.jpg\" data-width=\"768\" data-height=\"556\" aria-label=\"\" role=\"img\" ><\/div>\n\t\t\t\t\t\t\t\t\t\t\t<div class=\"elementor-gallery-item__overlay\"><\/div>\n\t\t\t\t\t\t\t\t\t\t\t\t\t\t<\/a>\n\t\t\t\t\t\t\t<a class=\"e-gallery-item elementor-gallery-item elementor-animated-content\" href=\"http:\/\/vlblaha.cz\/wp-content\/uploads\/2025\/01\/Vladislav-Blaha-in-Carnegie-Hall-1.png\" data-elementor-open-lightbox=\"yes\" data-elementor-lightbox-slideshow=\"48cc4f6\" data-elementor-lightbox-title=\"Vladislav Blaha in Carnegie Hall\" data-e-action-hash=\"#elementor-action%3Aaction%3Dlightbox%26settings%3DeyJpZCI6MjY3LCJ1cmwiOiJodHRwOlwvXC92bGJsYWhhLmN6XC93cC1jb250ZW50XC91cGxvYWRzXC8yMDI1XC8wMVwvVmxhZGlzbGF2LUJsYWhhLWluLUNhcm5lZ2llLUhhbGwtMS5wbmciLCJzbGlkZXNob3ciOiI0OGNjNGY2In0%3D\">\n\t\t\t\t\t<div class=\"e-gallery-image elementor-gallery-item__image\" data-thumbnail=\"http:\/\/vlblaha.cz\/wp-content\/uploads\/2025\/01\/Vladislav-Blaha-in-Carnegie-Hall-1.png\" data-width=\"415\" data-height=\"666\" aria-label=\"\" role=\"img\" ><\/div>\n\t\t\t\t\t\t\t\t\t\t\t<div class=\"elementor-gallery-item__overlay\"><\/div>\n\t\t\t\t\t\t\t\t\t\t\t\t\t\t<\/a>\n\t\t\t\t\t\t\t<a class=\"e-gallery-item elementor-gallery-item elementor-animated-content\" href=\"http:\/\/vlblaha.cz\/wp-content\/uploads\/2025\/01\/Vladislav-Blaha-vys.-rozliseni-scaled.jpg\" data-elementor-open-lightbox=\"yes\" data-elementor-lightbox-slideshow=\"48cc4f6\" data-elementor-lightbox-title=\"Vladislav Bl\u00e1ha, vys. rozli\u0161en\u00ed\" data-e-action-hash=\"#elementor-action%3Aaction%3Dlightbox%26settings%3DeyJpZCI6MjY4LCJ1cmwiOiJodHRwOlwvXC92bGJsYWhhLmN6XC93cC1jb250ZW50XC91cGxvYWRzXC8yMDI1XC8wMVwvVmxhZGlzbGF2LUJsYWhhLXZ5cy4tcm96bGlzZW5pLXNjYWxlZC5qcGciLCJzbGlkZXNob3ciOiI0OGNjNGY2In0%3D\">\n\t\t\t\t\t<div class=\"e-gallery-image elementor-gallery-item__image\" data-thumbnail=\"http:\/\/vlblaha.cz\/wp-content\/uploads\/2025\/01\/Vladislav-Blaha-vys.-rozliseni-768x1135.jpg\" data-width=\"768\" data-height=\"1135\" aria-label=\"\" role=\"img\" ><\/div>\n\t\t\t\t\t\t\t\t\t\t\t<div class=\"elementor-gallery-item__overlay\"><\/div>\n\t\t\t\t\t\t\t\t\t\t\t\t\t\t<\/a>\n\t\t\t\t\t\t\t<a class=\"e-gallery-item elementor-gallery-item elementor-animated-content\" href=\"http:\/\/vlblaha.cz\/wp-content\/uploads\/2025\/02\/Recenze-na-26.6.Blaha-Drobysh-Komoni-kytara-ve-vile-Low-Beer.jpeg\" data-elementor-open-lightbox=\"yes\" data-elementor-lightbox-slideshow=\"48cc4f6\" data-elementor-lightbox-title=\"Recenze na 26.6.Blaha-Drobysh, Komon\u00ed kytara ve vile Low-Beer\" data-e-action-hash=\"#elementor-action%3Aaction%3Dlightbox%26settings%3DeyJpZCI6NDM5LCJ1cmwiOiJodHRwOlwvXC92bGJsYWhhLmN6XC93cC1jb250ZW50XC91cGxvYWRzXC8yMDI1XC8wMlwvUmVjZW56ZS1uYS0yNi42LkJsYWhhLURyb2J5c2gtS29tb25pLWt5dGFyYS12ZS12aWxlLUxvdy1CZWVyLmpwZWciLCJzbGlkZXNob3ciOiI0OGNjNGY2In0%3D\">\n\t\t\t\t\t<div class=\"e-gallery-image elementor-gallery-item__image\" data-thumbnail=\"http:\/\/vlblaha.cz\/wp-content\/uploads\/2025\/02\/Recenze-na-26.6.Blaha-Drobysh-Komoni-kytara-ve-vile-Low-Beer-768x1094.jpeg\" data-width=\"768\" data-height=\"1094\" aria-label=\"\" role=\"img\" ><\/div>\n\t\t\t\t\t\t\t\t\t\t\t<div class=\"elementor-gallery-item__overlay\"><\/div>\n\t\t\t\t\t\t\t\t\t\t\t\t\t\t<\/a>\n\t\t\t\t\t\t\t<a class=\"e-gallery-item elementor-gallery-item elementor-animated-content\" href=\"http:\/\/vlblaha.cz\/wp-content\/uploads\/2025\/02\/B.V.-04-scaled.jpg\" data-elementor-open-lightbox=\"yes\" data-elementor-lightbox-slideshow=\"48cc4f6\" data-elementor-lightbox-title=\"B.V. 04\" data-e-action-hash=\"#elementor-action%3Aaction%3Dlightbox%26settings%3DeyJpZCI6NDQwLCJ1cmwiOiJodHRwOlwvXC92bGJsYWhhLmN6XC93cC1jb250ZW50XC91cGxvYWRzXC8yMDI1XC8wMlwvQi5WLi0wNC1zY2FsZWQuanBnIiwic2xpZGVzaG93IjoiNDhjYzRmNiJ9\">\n\t\t\t\t\t<div class=\"e-gallery-image elementor-gallery-item__image\" data-thumbnail=\"http:\/\/vlblaha.cz\/wp-content\/uploads\/2025\/02\/B.V.-04-768x1024.jpg\" data-width=\"768\" data-height=\"1024\" aria-label=\"\" role=\"img\" ><\/div>\n\t\t\t\t\t\t\t\t\t\t\t<div class=\"elementor-gallery-item__overlay\"><\/div>\n\t\t\t\t\t\t\t\t\t\t\t\t\t\t<\/a>\n\t\t\t\t\t\t\t<a class=\"e-gallery-item elementor-gallery-item elementor-animated-content\" href=\"http:\/\/vlblaha.cz\/wp-content\/uploads\/2025\/02\/Blaha-Drobysh-duo.jpg\" data-elementor-open-lightbox=\"yes\" data-elementor-lightbox-slideshow=\"48cc4f6\" data-elementor-lightbox-title=\"Bl\u00e1ha - Drobysh duo\" data-e-action-hash=\"#elementor-action%3Aaction%3Dlightbox%26settings%3DeyJpZCI6NDQxLCJ1cmwiOiJodHRwOlwvXC92bGJsYWhhLmN6XC93cC1jb250ZW50XC91cGxvYWRzXC8yMDI1XC8wMlwvQmxhaGEtRHJvYnlzaC1kdW8uanBnIiwic2xpZGVzaG93IjoiNDhjYzRmNiJ9\">\n\t\t\t\t\t<div class=\"e-gallery-image elementor-gallery-item__image\" data-thumbnail=\"http:\/\/vlblaha.cz\/wp-content\/uploads\/2025\/02\/Blaha-Drobysh-duo-768x567.jpg\" data-width=\"768\" data-height=\"567\" aria-label=\"\" role=\"img\" ><\/div>\n\t\t\t\t\t\t\t\t\t\t\t<div class=\"elementor-gallery-item__overlay\"><\/div>\n\t\t\t\t\t\t\t\t\t\t\t\t\t\t<\/a>\n\t\t\t\t\t\t\t<a class=\"e-gallery-item elementor-gallery-item elementor-animated-content\" href=\"http:\/\/vlblaha.cz\/wp-content\/uploads\/2025\/02\/IMG_8824.jpg\" data-elementor-open-lightbox=\"yes\" data-elementor-lightbox-slideshow=\"48cc4f6\" data-elementor-lightbox-title=\"IMG_8824\" data-e-action-hash=\"#elementor-action%3Aaction%3Dlightbox%26settings%3DeyJpZCI6NDQyLCJ1cmwiOiJodHRwOlwvXC92bGJsYWhhLmN6XC93cC1jb250ZW50XC91cGxvYWRzXC8yMDI1XC8wMlwvSU1HXzg4MjQuanBnIiwic2xpZGVzaG93IjoiNDhjYzRmNiJ9\">\n\t\t\t\t\t<div class=\"e-gallery-image elementor-gallery-item__image\" data-thumbnail=\"http:\/\/vlblaha.cz\/wp-content\/uploads\/2025\/02\/IMG_8824.jpg\" data-width=\"535\" data-height=\"667\" aria-label=\"\" role=\"img\" ><\/div>\n\t\t\t\t\t\t\t\t\t\t\t<div class=\"elementor-gallery-item__overlay\"><\/div>\n\t\t\t\t\t\t\t\t\t\t\t\t\t\t<\/a>\n\t\t\t\t\t\t\t<a class=\"e-gallery-item elementor-gallery-item elementor-animated-content\" href=\"http:\/\/vlblaha.cz\/wp-content\/uploads\/2025\/02\/Rakousko-Seckau-Festival-noviny-1.jpg\" data-elementor-open-lightbox=\"yes\" data-elementor-lightbox-slideshow=\"48cc4f6\" data-elementor-lightbox-title=\"Rakousko, Seckau Festival - noviny 1\" data-e-action-hash=\"#elementor-action%3Aaction%3Dlightbox%26settings%3DeyJpZCI6NDQzLCJ1cmwiOiJodHRwOlwvXC92bGJsYWhhLmN6XC93cC1jb250ZW50XC91cGxvYWRzXC8yMDI1XC8wMlwvUmFrb3Vza28tU2Vja2F1LUZlc3RpdmFsLW5vdmlueS0xLmpwZyIsInNsaWRlc2hvdyI6IjQ4Y2M0ZjYifQ%3D%3D\">\n\t\t\t\t\t<div class=\"e-gallery-image elementor-gallery-item__image\" data-thumbnail=\"http:\/\/vlblaha.cz\/wp-content\/uploads\/2025\/02\/Rakousko-Seckau-Festival-noviny-1.jpg\" data-width=\"720\" data-height=\"960\" aria-label=\"\" role=\"img\" ><\/div>\n\t\t\t\t\t\t\t\t\t\t\t<div class=\"elementor-gallery-item__overlay\"><\/div>\n\t\t\t\t\t\t\t\t\t\t\t\t\t\t<\/a>\n\t\t\t\t\t<\/div>\n\t\t\t\t\t<\/div>\n\t\t\t\t<\/div>\n\t\t\t\t\t<\/div>\n\t\t<\/div>\n\t\t\t\t\t<\/div>\n\t\t<\/section>\n\t\t\t\t<\/div>","protected":false},"excerpt":{"rendered":"<p>Gallery<\/p>","protected":false},"author":1,"featured_media":0,"parent":0,"menu_order":0,"comment_status":"closed","ping_status":"closed","template":"","meta":{"footnotes":""},"class_list":["post-222","page","type-page","status-publish","hentry"],"_links":{"self":[{"href":"http:\/\/vlblaha.cz\/en\/wp-json\/wp\/v2\/pages\/222","targetHints":{"allow":["GET"]}}],"collection":[{"href":"http:\/\/vlblaha.cz\/en\/wp-json\/wp\/v2\/pages"}],"about":[{"href":"http:\/\/vlblaha.cz\/en\/wp-json\/wp\/v2\/types\/page"}],"author":[{"embeddable":true,"href":"http:\/\/vlblaha.cz\/en\/wp-json\/wp\/v2\/users\/1"}],"replies":[{"embeddable":true,"href":"http:\/\/vlblaha.cz\/en\/wp-json\/wp\/v2\/comments?post=222"}],"version-history":[{"count":19,"href":"http:\/\/vlblaha.cz\/en\/wp-json\/wp\/v2\/pages\/222\/revisions"}],"predecessor-version":[{"id":446,"href":"http:\/\/vlblaha.cz\/en\/wp-json\/wp\/v2\/pages\/222\/revisions\/446"}],"wp:attachment":[{"href":"http:\/\/vlblaha.cz\/en\/wp-json\/wp\/v2\/media?parent=222"}],"curies":[{"name":"wp","href":"https:\/\/api.w.org\/{rel}","templated":true}]}}